{"id":231,"date":"2026-01-27T10:48:16","date_gmt":"2026-01-27T09:48:16","guid":{"rendered":"https:\/\/splendid-foods.com\/sistema-interno-de-informacion\/"},"modified":"2026-01-27T11:02:50","modified_gmt":"2026-01-27T10:02:50","slug":"internal-information-system","status":"publish","type":"page","link":"https:\/\/splendid-foods.com\/en\/internal-information-system\/","title":{"rendered":"Internal information system"},"content":{"rendered":"<div class=\"vce-row-container\"><div class=\"vce-row vce-element--has-background vce-row--col-gap-30 vce-row-equal-height vce-row-content--top\" data-vce-full-width=\"true\" id=\"el-370d2b9e\" data-vce-do-apply=\"all el-370d2b9e\"><div class=\"vce-content-background-container\"><\/div><div class=\"vce-row-content\" data-vce-element-content=\"true\"><div class=\"vce-col vce-col--md-auto vce-col--xs-1 vce-col--xs-last vce-col--xs-first vce-col--sm-last vce-col--sm-first vce-col--md-last vce-col--lg-last vce-col--xl-last vce-col--md-first vce-col--lg-first vce-col--xl-first\" id=\"el-86eb1426\"><div class=\"vce-col-inner\" data-vce-do-apply=\"border margin background  el-86eb1426\"><div class=\"vce-col-content\" data-vce-element-content=\"true\" data-vce-do-apply=\"padding el-86eb1426\"><div class=\"vce-single-image-container vce-single-image--align-center\"><div class=\"vce vce-single-image-wrapper\" id=\"el-bc3571cc\" data-vce-do-apply=\"all el-bc3571cc\"><figure><div class=\"vce-single-image-figure-inner\" style=\"width: 358px;\"><a href=\"https:\/\/splendid-foods.com\/en\/\" title=\"\" class=\"vce-single-image-inner vce-single-image--absolute\" style=\"width: 100%; padding-bottom: 37.4302%;\"><img loading=\"lazy\" decoding=\"async\" class=\"vce-single-image\"  width=\"358\" height=\"134\" srcset=\"https:\/\/splendid-foods.com\/wp\/wp-content\/uploads\/2026\/01\/logo-splendid-foods-320x120.png 320w, https:\/\/splendid-foods.com\/wp\/wp-content\/uploads\/2026\/01\/logo-splendid-foods-480x180.png 480w\" src=\"https:\/\/splendid-foods.com\/wp\/wp-content\/uploads\/2021\/04\/logo-splendid-foods.png\" data-img-src=\"https:\/\/splendid-foods.com\/wp\/wp-content\/uploads\/2021\/04\/logo-splendid-foods.png\" data-attachment-id=\"22\"  alt=\"\" title=\"logo-splendid-foods\" \/><\/a><\/div><figcaption hidden=\"\"><\/figcaption><\/figure><\/div><\/div><div class=\"vce-text-block\"><div class=\"vce-text-block-wrapper vce\" id=\"el-688cdccc\" data-vce-do-apply=\"all el-688cdccc\"><h1>Sistema interno de informaci\u00f3n<\/h1><\/div><\/div><div class=\"vce-text-block\"><div class=\"vce-text-block-wrapper vce\" id=\"el-8c3c4849\" data-vce-do-apply=\"all el-8c3c4849\"><p><strong>I.- SISTEMA INTERNO DE INFORMACI\u00d3N.<\/strong><\/p><p>Os damos la bienvenida al Sistema Interno de Informaci\u00f3n de Splendid Foods.<\/p><p>En cumplimiento de la Ley 2\/2023, de 20 de febrero, reguladora de la protecci\u00f3n de las personas que informen sobre infracciones normativas y de lucha contra la corrupci\u00f3n (en adelante, la \u201cLey 2\/2023 Splendid Foods hace constar que cuenta con un Sistema Interno de Informaci\u00f3n, siendo la empresa Splendid Foods S.A.U. la responsable del tratamiento de los datos personales de conformidad con lo dispuesto por la legislaci\u00f3n vigente en este \u00e1mbito.<\/p><p>Con la finalidad de fortalecer la cultura de la informaci\u00f3n y de las infraestructuras de integridad de la empresa, y de fomentar la cultura de la comunicaci\u00f3n como mecanismo de prevenci\u00f3n de actividades u omisiones que puedan ser constitutivas de infracciones &nbsp;laborales, penales o administrativas graves o muy graves y contra el derecho de la UE la empresa cuenta con una persona Responsable de Complimiento Penal (RCP), actualmente la persona responsable de RRHH, quien ha sido as\u00ed mismo nombrada persona responsable del Sistema Interno de Informaci\u00f3n (RSII). Asimismo, la empresa cuenta con una persona responsable alternativa en caso de que la informaci\u00f3n se\u00f1alara como responsable de las menciones infracciones a la persona RCP, que es, actualmente, la persona responsable de Finanzas.<\/p><p>Las referidas informaciones pueden hacerse llegar por cualquiera de los siguientes medios:<\/p><p>-Correo ordinario a la direcci\u00f3n: compliance@splendid-foods.com, cuando se dirige al RCP\/RSII y a la direcci\u00f3n compliance2@splendid-foods.com cuando se dirige a la persona responsable alternativa.<\/p><p>-Mediante escrito entregado a la persona RCP y RSII o, en su caso, a la persona responsable alternativa.<\/p><p>A solicitud de la persona informante, tambi\u00e9n podr\u00e1 presentarse la comunicaci\u00f3n mediante una reuni\u00f3n presencial con la persona RCP y RSII (o, en su caso, con la persona responsable alternativa), en el plazo de siete d\u00edas.<\/p><p>Las informaciones verbales realizadas a trav\u00e9s de reuni\u00f3n presencial con el RCP y RSII (o, en su caso, a la persona responsable alternativa, deber\u00e1n documentarse de alguna de las maneras siguientes, previo consentimiento de la persona informante:<\/p><ol><li>a) mediante una grabaci\u00f3n de la conversaci\u00f3n en un formato seguro, duradero y accesible, o<p>(*) Se advertir\u00e1 a la persona informante que la comunicaci\u00f3n ser\u00e1 grabada y se le informar\u00e1 del tratamiento de sus datos de acuerdo con lo establecido en el Reglamento (UE) 2016\/679 del Parlamento Europeo y del Consejo, de 27 de abril de 2016 (RGPD o Reglamento General de Protecci\u00f3n de Datos).<\/p><\/li><li>a trav\u00e9s de una transcripci\u00f3n completa y exacta de la conversaci\u00f3n realizada por el personal responsable de tratarla.<\/li><\/ol><p>Sin perjuicio de los derechos que le corresponden de acuerdo con la normativa sobre protecci\u00f3n de datos, se ofrecer\u00e1 a la persona informante la oportunidad de comprobar, rectificar y aceptar mediante su firma la transcripci\u00f3n de la conversaci\u00f3n.<\/p><p>El Sistema Interno de Informaci\u00f3n de la empresa cumple con los requisitos del art\u00edculo 5.2 de la Ley 2\/2023:<\/p><p>a). - Permite que las personas a quienes aplica la Ley 2\/2023 puedan comunicar informaciones, por varios medios, sobre las infracciones previstas en su art\u00edculo 2.<\/p><p>b). - Se gestiona de forma segura, garantizando que las comunicaciones puedan tratarse de forma efectiva, as\u00ed como la confidencialidad de la identidad de la persona informante y de cualquier tercera persona mencionada en la comunicaci\u00f3n y de las actuaciones que se desarrollen en la gesti\u00f3n y tramitaci\u00f3n de esta, as\u00ed como la protecci\u00f3n de datos, impidiendo el acceso de personal no autorizado.<\/p><p>c). - Cuenta con un Protocolo de Sistema Interno de Informaci\u00f3n, de uso de canal interno de informaci\u00f3n y de actuaci\u00f3n de la persona Responsable de Cumplimiento Penal y del Sistema Interno de Informaci\u00f3n, que establece garant\u00edas para la protecci\u00f3n de las personas informantes:<\/p><ul><li>Justificante de recepci\u00f3n en el plazo de siete d\u00edas naturales siguientes a la recepci\u00f3n de la informaci\u00f3n.<\/li><li>Plazo m\u00e1ximo de tres meses para dar respuesta a las actuaciones de la investigaci\u00f3n, en los t\u00e9rminos del art\u00edculo 9 de la Ley 2\/2023, cumplimentando y custodiando de forma diligente un Libro-Registro de Informaciones.<\/li><li>Posibilidad de mantener la comunicaci\u00f3n con la persona informante.<\/li><li>Establecimiento del derecho de la persona afectada a que se le informe de las acciones u omisiones que se le atribuyen y a ser escuchada.<\/li><li>Garant\u00eda de confidencialidad cuando la comunicaci\u00f3n sea remitida por canales de denuncia que no sean los establecidos o a personal no responsable de su tratamiento, as\u00ed como la obligaci\u00f3n de que la persona que la reciba, la remita inmediatamente a la persona Responsable del Sistema.<\/li><li>Respeto a la presunci\u00f3n de inocencia y al honor de las personas afectadas.<\/li><li>Respeto a las disposiciones sobre Protecci\u00f3n de Datos (T\u00edtulo VI Ley 2\/2023).<\/li><li>Compromiso de remisi\u00f3n de la informaci\u00f3n al Ministerio Fiscal con car\u00e1cter inmediato, cuando los hechos pudieran ser indiciariamente constitutivos de delito.<\/li><\/ul><p><strong>II.- TRATAMIENTO DE DATOS PERSONALES.<\/strong><\/p><p>Splendid Foods, S.A.U tratar\u00e1, como responsable del tratamiento, los datos personales incluidos en las comunicaciones que se reciban y queden amparados por la Ley 2\/2023, con la finalidad de poder gestionarlas e iniciar, en su caso, el procedimiento de investigaci\u00f3n correspondiente y adoptar las medidas correctoras que, en su caso, procedan.<\/p><p>La base jur\u00eddica del tratamiento ser\u00e1 el cumplimiento de las obligaciones impuestas por la Ley 2\/2023. Si la comunicaci\u00f3n contiene datos de car\u00e1cter especial, \u00e9stos s\u00f3lo se tratar\u00e1n cuando resulte estrictamente necesario para la adopci\u00f3n de medidas correctoras y\/o el inicio del procedimiento de investigaci\u00f3n correspondiente y\/o la tramitaci\u00f3n de los procedimientos sancionadores o penales que, en su caso, procedan, de conformidad con la legislaci\u00f3n vigente, y en estos casos, la base jur\u00eddica ser\u00e1 el inter\u00e9s p\u00fablico esencial. El tratamiento de los datos personales ser\u00e1 el indispensable, cuando sin ellos no se puedan cumplir los objetivos y las obligaciones que estipula la Ley 2\/2023.<\/p><p>Los datos personales podr\u00e1n ser tratados por el personal de la empresa autorizado para ello \u00fanicamente cuando resulte necesario para la investigaci\u00f3n de infracciones en el \u00e1mbito del Derecho de la Uni\u00f3n Europea, infracciones penales o administrativas graves o muy graves, as\u00ed como infracciones laborales en el \u00e1mbito de la seguridad y la salud en el trabajo, para la adopci\u00f3n de medidas correctoras o bien para la tramitaci\u00f3n de los procedimientos sancionadores o penales que, en su caso, procedan. Asimismo, los datos personales podr\u00e1n ser comunicados a terceros en caso de obligaci\u00f3n legal, y podr\u00e1n ser comunicados a la autoridad judicial, al Ministerio Fiscal o a la autoridad administrativa competentes en el marco de la mencionada investigaci\u00f3n.<\/p><p>Los datos personales se conservar\u00e1n el tiempo imprescindible para decidir sobre la procedencia de iniciar una investigaci\u00f3n sobre los hechos informados. En caso de que fuese oportuno adoptar medidas correctoras, los datos se conservar\u00e1n durante todo el tiempo que dure la aplicaci\u00f3n de estas medidas. Por otro lado, en el supuesto que fuese necesario iniciar la tramitaci\u00f3n de procedimientos sancionadores o penales, los datos se conservar\u00e1n durante todo el tiempo que dure el procedimiento sancionador o penal.<\/p><p>En todo caso, si la decisi\u00f3n sobre la procedencia de iniciar una investigaci\u00f3n sobre los hechos informados no se adoptase en un plazo de tres meses, los datos personales contenidos en la comunicaci\u00f3n se suprimir\u00e1n, excepto aquellos datos que sea estrictamente necesario que se conserven bloqueados para mantener evidencia del funcionamiento del sistema de conformidad con la Ley 2\/2023.<\/p><p>Tambi\u00e9n ser\u00e1n suprimidos aquellos datos personales que revelen conductas que no est\u00e1n incluidas en el \u00e1mbito de aplicaci\u00f3n de la Ley 2\/2023, as\u00ed como aquellos datos personales no considerados veraces, a excepci\u00f3n de que esta falta de veracidad pueda constituir un il\u00edcito penal, en cuyo caso se guardar\u00e1 la informaci\u00f3n por el tiempo necesario durante el cual se tramite el procedimiento judicial.<\/p><p>Finalmente, se hace constar que en cualquier momento la persona comunicante podr\u00e1 solicitar al responsable del tratamiento, el acceso a sus datos personales, su rectificaci\u00f3n o supresi\u00f3n, o la limitaci\u00f3n de su tratamiento, o a oponerse, as\u00ed como el derecho a la portabilidad de los datos, enviando un escrito al correo postal Carrer Gurri, 2 de Seva (08553) (Barcelona) o al correo electr\u00f3nico info@splendid-foods.com. En caso de disconformidad con el tratamiento de sus datos, podr\u00e1 presentar una reclamaci\u00f3n ante la Agencia Espa\u00f1ola de Protecci\u00f3n de Datos, organismo que ostenta la autoridad de control en la materia, ubicada en la C\/ Jorge Juan, 6 (28001) Madrid (<a href=\"http:\/\/www.aepd.es\">www.aepd.es<\/a>).<\/p><p><strong>III.- NO REPRESALIA. <\/strong><\/p><p>Splendid Foods S.A.U. se compromete, respectiva y expresamente, a no llevar a cabo actos constitutivos de represalia, incluidas amenazas o tentativas de represalia contra las personas que presenten una comunicaci\u00f3n conforme a lo previsto en la Ley 2\/2023, y a aplicar medidas de protecci\u00f3n durante la tramitaci\u00f3n de un expediente, respecto de las personas afectadas por una posible comunicaci\u00f3n.<\/p><p><strong>IV.- EXENCI\u00d3N Y ATENUACI\u00d3N DE LA SANCI\u00d3N.<\/strong><\/p><p>Cuando una persona que hubiera participado en la comisi\u00f3n de la infracci\u00f3n administrativa objeto de la informaci\u00f3n sea la que informe de su existencia mediante la presentaci\u00f3n de la informaci\u00f3n y siempre que \u00e9sta hubiera sido presentada con anterioridad a que hubiera sido notificada la incoaci\u00f3n del procedimiento de investigaci\u00f3n o sancionador, el \u00f3rgano competente para resolver el procedimiento, mediante resoluci\u00f3n motivada, podr\u00e1 eximirlo del cumplimiento de la sanci\u00f3n administrativa que le correspondiera siempre que resulten acreditados los extremos mencionados en el art\u00edculo 40 de la Ley 2\/2023.<\/p><hr><p><em>(*) El Canal Interno permite la presentaci\u00f3n de comunicaciones an\u00f3nimas. <\/em><\/p><p><em>(**) Aunque siempre que sea posible, ser\u00e1 preferente la utilizaci\u00f3n del canal interno, seg\u00fan las circunstancias y gravedad de la informaci\u00f3n y si el informante as\u00ed lo decide, las comunicaciones podr\u00e1n remitirse, en su caso, a la Autoridad Independiente de Protecci\u00f3n del Informante (a estos efectos, ante la Oficina Antifraude de Catalu\u00f1a), al Ministerio Fiscal, a la Fiscal\u00eda Europea, o a la autoridad que sea competente seg\u00fan proceda. <\/em><\/p><\/div><\/div><\/div><\/div><\/div><\/div><\/div><\/div>\n","protected":false},"excerpt":{"rendered":"<p>Sistema interno de informaci\u00f3nI.- SISTEMA INTERNO DE INFORMACI\u00d3N.Os damos la bienvenida al Sistema Interno de Informaci\u00f3n de Splendid Foods.En cumplimiento de la Ley 2\/2023, de 20 de febrero, reguladora de la protecci\u00f3n de las personas que informen sobre infracciones normativas y de lucha contra la corrupci\u00f3n (en adelante, la \u201cLey 2\/2023 Splendid Foods hace constar [&hellip;]<\/p>\n","protected":false},"author":1,"featured_media":0,"parent":0,"menu_order":0,"comment_status":"closed","ping_status":"closed","template":"","meta":{"footnotes":""},"class_list":["post-231","page","type-page","status-publish","hentry"],"_links":{"self":[{"href":"https:\/\/splendid-foods.com\/en\/wp-json\/wp\/v2\/pages\/231","targetHints":{"allow":["GET"]}}],"collection":[{"href":"https:\/\/splendid-foods.com\/en\/wp-json\/wp\/v2\/pages"}],"about":[{"href":"https:\/\/splendid-foods.com\/en\/wp-json\/wp\/v2\/types\/page"}],"author":[{"embeddable":true,"href":"https:\/\/splendid-foods.com\/en\/wp-json\/wp\/v2\/users\/1"}],"replies":[{"embeddable":true,"href":"https:\/\/splendid-foods.com\/en\/wp-json\/wp\/v2\/comments?post=231"}],"version-history":[{"count":1,"href":"https:\/\/splendid-foods.com\/en\/wp-json\/wp\/v2\/pages\/231\/revisions"}],"predecessor-version":[{"id":232,"href":"https:\/\/splendid-foods.com\/en\/wp-json\/wp\/v2\/pages\/231\/revisions\/232"}],"wp:attachment":[{"href":"https:\/\/splendid-foods.com\/en\/wp-json\/wp\/v2\/media?parent=231"}],"curies":[{"name":"wp","href":"https:\/\/api.w.org\/{rel}","templated":true}]}}